{"id":969,"date":"2022-06-28T09:42:44","date_gmt":"2022-06-28T09:42:44","guid":{"rendered":"https:\/\/startersites.io\/elementor\/web-agency\/?page_id=969"},"modified":"2025-10-02T22:59:02","modified_gmt":"2025-10-02T22:59:02","slug":"o-nas","status":"publish","type":"page","link":"https:\/\/m360.com.pl\/index.php\/o-nas\/","title":{"rendered":"O nas"},"content":{"rendered":"\t\t<div data-elementor-type=\"wp-page\" data-elementor-id=\"969\" class=\"elementor elementor-969\">\n\t\t\t\t<div class=\"elementor-element elementor-element-a4f6396 e-con-full e-flex e-con e-parent\" data-id=\"a4f6396\" data-element_type=\"container\">\n\t\t<div class=\"elementor-element elementor-element-13ed307 e-con-full e-flex e-con e-child\" data-id=\"13ed307\" data-element_type=\"container\" data-settings=\"{&quot;background_background&quot;:&quot;classic&quot;}\">\n\t\t<div class=\"elementor-element elementor-element-85e4a46 e-flex e-con-boxed e-con e-child\" data-id=\"85e4a46\" data-element_type=\"container\">\n\t\t\t\t\t<div class=\"e-con-inner\">\n\t\t\t\t<div class=\"elementor-element elementor-element-8657242 elementor-widget elementor-widget-shortcode\" data-id=\"8657242\" data-element_type=\"widget\" data-widget_type=\"shortcode.default\">\n\t\t\t\t\t\t\t<div class=\"elementor-shortcode\"><\/div>\n\t\t<style id=\"core-8657242-core-block-supports-inline-css\"><\/style>\t\t\t\t<\/div>\n\t\t\t\t<div class=\"elementor-element elementor-element-c9f5479 elementor-widget elementor-widget-heading\" data-id=\"c9f5479\" data-element_type=\"widget\" data-widget_type=\"heading.default\">\n\t\t\t\t\t<h1 class=\"elementor-heading-title elementor-size-default\">M360 Public Relations to agencja,  kt\u00f3ra patrzy na wizerunek Twojej marki w pe\u0142nych 360 stopniach.<\/h1><style id=\"core-c9f5479-core-block-supports-inline-css\"><\/style>\t\t\t\t<\/div>\n\t\t\t\t\t<\/div>\n\t\t\t\t<\/div>\n\t\t<div class=\"elementor-element elementor-element-688d844 e-flex e-con-boxed e-con e-child\" data-id=\"688d844\" data-element_type=\"container\">\n\t\t\t\t\t<div class=\"e-con-inner\">\n\t\t\t\t<div class=\"elementor-element elementor-element-d48e7ae elementor-widget__width-initial elementor-widget-mobile__width-inherit elementor-view-default elementor-position-top elementor-mobile-position-top elementor-widget elementor-widget-icon-box\" data-id=\"d48e7ae\" data-element_type=\"widget\" data-widget_type=\"icon-box.default\">\n\t\t\t\t\t\t\t<div class=\"elementor-icon-box-wrapper\">\n\n\t\t\t\t\t\t<div class=\"elementor-icon-box-icon\">\n\t\t\t\t<a href=\"#\" class=\"elementor-icon\" tabindex=\"-1\" aria-label=\"Email\">\n\t\t\t\t<svg aria-hidden=\"true\" class=\"e-font-icon-svg e-fas-mail-bulk\" viewBox=\"0 0 576 512\" xmlns=\"http:\/\/www.w3.org\/2000\/svg\"><path d=\"M160 448c-25.6 0-51.2-22.4-64-32-64-44.8-83.2-60.8-96-70.4V480c0 17.67 14.33 32 32 32h256c17.67 0 32-14.33 32-32V345.6c-12.8 9.6-32 25.6-96 70.4-12.8 9.6-38.4 32-64 32zm128-192H32c-17.67 0-32 14.33-32 32v16c25.6 19.2 22.4 19.2 115.2 86.4 9.6 6.4 28.8 25.6 44.8 25.6s35.2-19.2 44.8-22.4c92.8-67.2 89.6-67.2 115.2-86.4V288c0-17.67-14.33-32-32-32zm256-96H224c-17.67 0-32 14.33-32 32v32h96c33.21 0 60.59 25.42 63.71 57.82l.29-.22V416h192c17.67 0 32-14.33 32-32V192c0-17.67-14.33-32-32-32zm-32 128h-64v-64h64v64zm-352-96c0-35.29 28.71-64 64-64h224V32c0-17.67-14.33-32-32-32H96C78.33 0 64 14.33 64 32v192h96v-32z\"><\/path><\/svg>\t\t\t\t<\/a>\n\t\t\t<\/div>\n\t\t\t\n\t\t\t\t\t\t<div class=\"elementor-icon-box-content\">\n\n\t\t\t\t\t\t\t\t\t<h6 class=\"elementor-icon-box-title\">\n\t\t\t\t\t\t<a href=\"#\" >\n\t\t\t\t\t\t\tEmail\t\t\t\t\t\t<\/a>\n\t\t\t\t\t<\/h6>\n\t\t\t\t\n\t\t\t\t\t\t\t\t\t<p class=\"elementor-icon-box-description\">\n\t\t\t\t\t\tbiuro@m360.com.pl\t\t\t\t\t<\/p>\n\t\t\t\t\n\t\t\t<\/div>\n\t\t\t\n\t\t<\/div>\n\t\t<style id=\"core-d48e7ae-core-block-supports-inline-css\"><\/style>\t\t\t\t<\/div>\n\t\t\t\t<div class=\"elementor-element elementor-element-b51fe21 elementor-widget__width-initial elementor-widget-mobile__width-inherit elementor-view-default elementor-position-top elementor-mobile-position-top elementor-widget elementor-widget-icon-box\" data-id=\"b51fe21\" data-element_type=\"widget\" data-widget_type=\"icon-box.default\">\n\t\t\t\t\t\t\t<div class=\"elementor-icon-box-wrapper\">\n\n\t\t\t\t\t\t<div class=\"elementor-icon-box-icon\">\n\t\t\t\t<a href=\"#\" class=\"elementor-icon\" tabindex=\"-1\" aria-label=\"Numer Telefonu\">\n\t\t\t\t<svg xmlns=\"http:\/\/www.w3.org\/2000\/svg\" viewBox=\"0 0 50 50\"><path d=\"M39.224 0a6.165 6.165 0 0 1 6.165 6.165v37.67A6.165 6.165 0 0 1 39.224 50H11.165A6.165 6.165 0 0 1 5 43.835V6.165A6.165 6.165 0 0 1 11.165 0Zm0 3.329H11.165A2.836 2.836 0 0 0 8.33 6.165v37.67a2.836 2.836 0 0 0 2.836 2.836h28.059a2.836 2.836 0 0 0 2.836-2.836V6.165a2.836 2.836 0 0 0-2.836-2.836Zm-10.84 35.225a1.665 1.665 0 0 1 .16 3.321l-.16.008h-6.957a1.665 1.665 0 0 1-.16-3.322l.16-.007h6.956Z\"><\/path><\/svg>\t\t\t\t<\/a>\n\t\t\t<\/div>\n\t\t\t\n\t\t\t\t\t\t<div class=\"elementor-icon-box-content\">\n\n\t\t\t\t\t\t\t\t\t<h6 class=\"elementor-icon-box-title\">\n\t\t\t\t\t\t<a href=\"#\" >\n\t\t\t\t\t\t\tNumer Telefonu\t\t\t\t\t\t<\/a>\n\t\t\t\t\t<\/h6>\n\t\t\t\t\n\t\t\t\t\t\t\t\t\t<p class=\"elementor-icon-box-description\">\n\t\t\t\t\t\t+48 795 258 926\t\t\t\t\t<\/p>\n\t\t\t\t\n\t\t\t<\/div>\n\t\t\t\n\t\t<\/div>\n\t\t<style id=\"core-b51fe21-core-block-supports-inline-css\"><\/style>\t\t\t\t<\/div>\n\t\t\t\t\t<\/div>\n\t\t\t\t<\/div>\n\t\t\t\t<\/div>\n\t\t\t\t<\/div>\n\t\t<div class=\"elementor-element elementor-element-90d5b81 e-flex e-con-boxed e-con e-parent\" data-id=\"90d5b81\" data-element_type=\"container\">\n\t\t\t\t\t<div class=\"e-con-inner\">\n\t\t<div class=\"elementor-element elementor-element-ff53b9b e-con-full e-flex e-con e-child\" data-id=\"ff53b9b\" data-element_type=\"container\">\n\t\t\t\t<div class=\"elementor-element elementor-element-9cdf822 elementor-widget elementor-widget-heading\" data-id=\"9cdf822\" data-element_type=\"widget\" data-widget_type=\"heading.default\">\n\t\t\t\t\t<h4 class=\"elementor-heading-title elementor-size-default\">O Nas<\/h4><style id=\"core-9cdf822-core-block-supports-inline-css\"><\/style>\t\t\t\t<\/div>\n\t\t\t\t<div class=\"elementor-element elementor-element-5df616e elementor-widget elementor-widget-text-editor\" data-id=\"5df616e\" data-element_type=\"widget\" data-widget_type=\"text-editor.default\">\n\t\t\t\t\t\t\t\t\t<p data-start=\"265\" data-end=\"510\"><strong data-start=\"265\" data-end=\"290\">M360 Public Relations<\/strong> to agencja komunikacji, kt\u00f3ra patrzy na wizerunek Twojej marki w pe\u0142nych 360 stopniach. Nasz\u0105 misj\u0105 jest wspieranie przedsi\u0119biorstw i organizacji w budowaniu zaufania, rozpoznawalno\u015bci i trwa\u0142ych relacji z otoczeniem.<\/p>\t\t\t\t<style id=\"core-5df616e-core-block-supports-inline-css\"><\/style>\t\t\t\t<\/div>\n\t\t\t\t<\/div>\n\t\t<div class=\"elementor-element elementor-element-9c76006 e-con-full e-flex e-con e-child\" data-id=\"9c76006\" data-element_type=\"container\">\n\t\t\t\t<div class=\"elementor-element elementor-element-308feb1 elementor-widget elementor-widget-heading\" data-id=\"308feb1\" data-element_type=\"widget\" data-widget_type=\"heading.default\">\n\t\t\t\t\t<h4 class=\"elementor-heading-title elementor-size-default\">Misja<\/h4><style id=\"core-308feb1-core-block-supports-inline-css\"><\/style>\t\t\t\t<\/div>\n\t\t\t\t<div class=\"elementor-element elementor-element-e2dedbc elementor-widget elementor-widget-text-editor\" data-id=\"e2dedbc\" data-element_type=\"widget\" data-widget_type=\"text-editor.default\">\n\t\t\t\t\t\t\t\t\t<p>Jeste\u015bmy firm\u0105, kt\u00f3ra \u0142\u0105czy wiedz\u0119 strategiczn\u0105, do\u015bwiadczenie w pracy z mediami i kreatywne podej\u015bcie do komunikacji. Dzia\u0142amy elastycznie \u2013 dostosowujemy nasze rozwi\u0105zania do potrzeb ma\u0142ych, \u015brednich i lokalnych biznes\u00f3w, kt\u00f3re chc\u0105 by\u0107 bardziej widoczne i profesjonalnie postrzegane.<\/p>\t\t\t\t<style id=\"core-e2dedbc-core-block-supports-inline-css\"><\/style>\t\t\t\t<\/div>\n\t\t\t\t<\/div>\n\t\t<div class=\"elementor-element elementor-element-aeab1be e-con-full e-flex e-con e-child\" data-id=\"aeab1be\" data-element_type=\"container\">\n\t\t\t\t<div class=\"elementor-element elementor-element-cf38edf elementor-widget elementor-widget-heading\" data-id=\"cf38edf\" data-element_type=\"widget\" data-widget_type=\"heading.default\">\n\t\t\t\t\t<h4 class=\"elementor-heading-title elementor-size-default\">Nasza Filozofia<\/h4><style id=\"core-cf38edf-core-block-supports-inline-css\"><\/style>\t\t\t\t<\/div>\n\t\t\t\t<div class=\"elementor-element elementor-element-caf9e19 elementor-widget elementor-widget-text-editor\" data-id=\"caf9e19\" data-element_type=\"widget\" data-widget_type=\"text-editor.default\">\n\t\t\t\t\t\t\t\t\t<p>Wierzymy, \u017ce skuteczna komunikacja to co\u015b wi\u0119cej ni\u017c reklama. To umiej\u0119tno\u015b\u0107 opowiadania historii, budowania wi\u0119zi i przekazywania warto\u015bci. Dlatego nasze dzia\u0142ania zawsze obejmuj\u0105 pe\u0142ny proces: od analizy i strategii, przez realizacj\u0119 codziennych aktywno\u015bci PR, a\u017c po ocen\u0119 efekt\u00f3w i dalszy rozw\u00f3j.<\/p>\t\t\t\t<style id=\"core-caf9e19-core-block-supports-inline-css\"><\/style>\t\t\t\t<\/div>\n\t\t\t\t<\/div>\n\t\t\t\t\t<\/div>\n\t\t\t\t<\/div>\n\t\t<div class=\"elementor-element elementor-element-f742e27 e-flex e-con-boxed e-con e-parent\" data-id=\"f742e27\" data-element_type=\"container\" data-settings=\"{&quot;background_background&quot;:&quot;classic&quot;}\">\n\t\t\t\t\t<div class=\"e-con-inner\">\n\t\t<div class=\"elementor-element elementor-element-9823d01 e-flex e-con-boxed e-con e-child\" data-id=\"9823d01\" data-element_type=\"container\">\n\t\t\t\t\t<div class=\"e-con-inner\">\n\t\t<div class=\"elementor-element elementor-element-20e2200 e-con-full e-flex e-con e-child\" data-id=\"20e2200\" data-element_type=\"container\" data-settings=\"{&quot;background_background&quot;:&quot;classic&quot;}\">\n\t\t\t\t<\/div>\n\t\t<div class=\"elementor-element elementor-element-9c814e7 e-con-full e-flex e-con e-child\" data-id=\"9c814e7\" data-element_type=\"container\">\n\t\t\t\t<div class=\"elementor-element elementor-element-f0aaf8c elementor-widget elementor-widget-heading\" data-id=\"f0aaf8c\" data-element_type=\"widget\" data-widget_type=\"heading.default\">\n\t\t\t\t\t<h2 class=\"elementor-heading-title elementor-size-default\">Nasze  Warto\u015bci<\/h2><style id=\"core-f0aaf8c-core-block-supports-inline-css\"><\/style>\t\t\t\t<\/div>\n\t\t\t\t<div class=\"elementor-element elementor-element-0382793 elementor-widget elementor-widget-text-editor\" data-id=\"0382793\" data-element_type=\"widget\" data-widget_type=\"text-editor.default\">\n\t\t\t\t\t\t\t\t\t<h2 data-start=\"1137\" data-end=\"1156\">\u00a0<\/h2><ul data-start=\"1158\" data-end=\"1551\"><li data-start=\"1158\" data-end=\"1257\"><p data-start=\"1160\" data-end=\"1257\"><strong data-start=\"1160\" data-end=\"1178\">Profesjonalizm<\/strong> \u2013 ka\u017cde dzia\u0142anie opieramy na sprawdzonych metodach, wiedzy i do\u015bwiadczeniu.<\/p><\/li><li data-start=\"1258\" data-end=\"1367\"><p data-start=\"1260\" data-end=\"1367\"><strong data-start=\"1260\" data-end=\"1286\">Indywidualne podej\u015bcie<\/strong> \u2013 ka\u017cda marka jest wyj\u0105tkowa, dlatego projektujemy rozwi\u0105zania szyte na miar\u0119.<\/p><\/li><li data-start=\"1368\" data-end=\"1470\"><p data-start=\"1370\" data-end=\"1470\"><strong data-start=\"1370\" data-end=\"1387\">Zaanga\u017cowanie<\/strong> \u2013 w pe\u0142ni anga\u017cujemy si\u0119 w projekty klient\u00f3w, dbaj\u0105c o ich interesy i reputacj\u0119.<\/p><\/li><li data-start=\"1471\" data-end=\"1551\"><p data-start=\"1473\" data-end=\"1551\"><strong data-start=\"1473\" data-end=\"1492\">Transparentno\u015b\u0107<\/strong> \u2013 stawiamy na otwart\u0105 komunikacj\u0119 i partnerskie relacje.<\/p><\/li><\/ul>\t\t\t\t<style id=\"core-0382793-core-block-supports-inline-css\"><\/style>\t\t\t\t<\/div>\n\t\t\t\t<\/div>\n\t\t\t\t\t<\/div>\n\t\t\t\t<\/div>\n\t\t<div class=\"elementor-element elementor-element-7879684 e-flex e-con-boxed e-con e-child\" data-id=\"7879684\" data-element_type=\"container\">\n\t\t\t\t\t<div class=\"e-con-inner\">\n\t\t\t\t<div class=\"elementor-element elementor-element-aa09aec elementor-widget elementor-widget-text-editor\" data-id=\"aa09aec\" data-element_type=\"widget\" data-widget_type=\"text-editor.default\">\n\t\t\t\t\t\t\t\t\t<h2 data-start=\"1558\" data-end=\"1575\">Dlaczego my?<\/h2><p data-start=\"1579\" data-end=\"1665\">Patrzymy szerzej \u2013 w pe\u0142nych 360 stopniach, aby uwzgl\u0119dni\u0107 ka\u017cdy aspekt komunikacji.<\/p><p data-start=\"1579\" data-end=\"1665\">\u0141\u0105czymy strategi\u0119 z dzia\u0142aniem \u2013 nie tylko doradzamy, ale te\u017c realizujemy.<\/p><p data-start=\"1747\" data-end=\"1829\">Znamy lokalny rynek \u2013 wiemy, jak dotrze\u0107 do klient\u00f3w i medi\u00f3w w Twoim otoczeniu.<\/p><p data-start=\"1832\" data-end=\"1933\">Budujemy d\u0142ugofalowe relacje \u2013 nasze dzia\u0142ania daj\u0105 trwa\u0142e efekty, a nie jednorazowy efekt reklamy.<\/p>\t\t\t\t<style id=\"core-aa09aec-core-block-supports-inline-css\"><\/style>\t\t\t\t<\/div>\n\t\t\t\t\t<\/div>\n\t\t\t\t<\/div>\n\t\t\t\t\t<\/div>\n\t\t\t\t<\/div>\n\t\t\t\t<\/div>\n\t\t","protected":false},"excerpt":{"rendered":"<p>M360 Public Relations to agencja, kt\u00f3ra patrzy na wizerunek Twojej marki w pe\u0142nych 360 stopniach. Email biuro@m360.com.pl Numer Telefonu +48 795 258 926 O Nas M360 Public Relations to agencja komunikacji, kt\u00f3ra patrzy na wizerunek Twojej marki w pe\u0142nych 360 stopniach. Nasz\u0105 misj\u0105 jest wspieranie przedsi\u0119biorstw i organizacji w budowaniu zaufania, rozpoznawalno\u015bci i trwa\u0142ych relacji [&hellip;]<\/p>\n","protected":false},"author":1,"featured_media":0,"parent":0,"menu_order":0,"comment_status":"closed","ping_status":"closed","template":"","meta":{"footnotes":""},"class_list":["post-969","page","type-page","status-publish","hentry"],"blocksy_meta":{"page_title_panel":"","has_hero_section":"disabled","6adf8427e3338cacf5ab2f524b7ef8b1":"","hero_section":"type-1","hero_elements":[{"id":"custom_title","enabled":true,"heading_tag":"h1","title":"Home"},{"id":"custom_description","enabled":true,"description_visibility":{"desktop":true,"tablet":true,"mobile":false}},{"id":"custom_meta","enabled":false,"meta_elements":[{"id":"author","enabled":true,"label":"By","has_author_avatar":"yes","avatar_size":25},{"id":"post_date","enabled":true,"label":"On","date_format_source":"default","date_format":"M j, Y"},{"id":"updated_date","enabled":false,"label":"On","date_format_source":"default","date_format":"M j, Y"},{"id":"categories","enabled":false,"label":"In","style":"simple"},{"id":"comments","enabled":true}],"page_meta_elements":{"joined":true,"articles_count":true,"comments":true}},{"id":"breadcrumbs","enabled":false}],"9741cca921386e11d73035f6d3788b1c":"","hero_alignment1":"CT_CSS_SKIP_RULE","hero_margin":40,"hero_alignment2":"center","hero_vertical_alignment":"center","7295e70143525a5f80712cda0789f708":"","hero_structure":"narrow","f28dfdaa4842de3933d4727cb207d2e1":"","page_title_bg_type":"featured_image","custom_hero_background":{"attachment_id":null},"page_title_image_size":"full","parallax":{"desktop":false,"tablet":false,"mobile":false},"5edf9deb27275997a5092861bfebae73":"","hero_height":"250px","pageTitleFont":{"family":"Default","variation":"Default","size":"30px","line-height":"CT_CSS_SKIP_RULE","letter-spacing":"CT_CSS_SKIP_RULE","text-transform":"CT_CSS_SKIP_RULE","text-decoration":"CT_CSS_SKIP_RULE"},"pageTitleFontColor":{"default":{"color":"CT_CSS_SKIP_RULEDEFAULT"}},"pageMetaFont":{"family":"Default","variation":"n6","size":"12px","line-height":"1.3","letter-spacing":"CT_CSS_SKIP_RULE","text-transform":"uppercase","text-decoration":"CT_CSS_SKIP_RULE"},"pageMetaFontColor":{"default":{"color":"CT_CSS_SKIP_RULEDEFAULT"},"hover":{"color":"CT_CSS_SKIP_RULEDEFAULT"}},"page_meta_button_type_font_colors":{"default":{"color":"CT_CSS_SKIP_RULEDEFAULT"},"hover":{"color":"CT_CSS_SKIP_RULEDEFAULT"}},"page_meta_button_type_background_colors":{"default":{"color":"CT_CSS_SKIP_RULEDEFAULT"},"hover":{"color":"CT_CSS_SKIP_RULEDEFAULT"}},"pageExcerptFont":{"family":"Default","variation":"Default","size":"CT_CSS_SKIP_RULE","line-height":"CT_CSS_SKIP_RULE","letter-spacing":"CT_CSS_SKIP_RULE","text-transform":"CT_CSS_SKIP_RULE","text-decoration":"CT_CSS_SKIP_RULE"},"pageExcerptColor":{"default":{"color":"CT_CSS_SKIP_RULEDEFAULT"}},"breadcrumbsFont":{"family":"Default","variation":"Default","size":"CT_CSS_SKIP_RULE","line-height":"CT_CSS_SKIP_RULE","letter-spacing":"CT_CSS_SKIP_RULE","text-transform":"CT_CSS_SKIP_RULE","text-decoration":"CT_CSS_SKIP_RULE"},"breadcrumbsFontColor":{"default":{"color":"CT_CSS_SKIP_RULEDEFAULT"},"initial":{"color":"CT_CSS_SKIP_RULEDEFAULT"},"hover":{"color":"CT_CSS_SKIP_RULEDEFAULT"}},"pageTitleOverlay":{"background_type":"color","background_pattern":"type-1","background_image":{"attachment_id":null,"x":0,"y":0},"gradient":"linear-gradient(135deg,rgba(6,147,227,1) 0%,rgb(155,81,224) 100%)","background_repeat":"repeat","background_size":"auto","background_attachment":"scroll","patternColor":{"default":{"color":"#e5e7ea"}},"overlayColor":{"default":{"color":"CT_CSS_SKIP_RULE"}},"backgroundColor":{"default":{"color":"CT_CSS_SKIP_RULE"}}},"pageTitleBackground":{"background_type":"color","background_pattern":"type-1","background_image":{"attachment_id":null,"x":0,"y":0},"gradient":"linear-gradient(135deg,rgba(6,147,227,1) 0%,rgb(155,81,224) 100%)","background_repeat":"repeat","background_size":"auto","background_attachment":"scroll","patternColor":{"default":{"color":"#e5e7ea"}},"overlayColor":{"default":{"color":"CT_CSS_SKIP_RULE"}},"backgroundColor":{"default":{"color":"var(--theme-palette-color-6)"}}},"pageTitlePadding":{"top":"50px","bottom":"50px","left":"auto","right":"auto","linked":true},"1bb85a443599e4f3c9dda8cd1d52b4f8":"","page_structure_type":"default","858466f3ebd28086503780ff7f37f52f":"","content_style_source":"inherit","content_style":"wide","vertical_spacing_source":"custom","content_area_spacing":"none","background":{"background_type":"color","background_pattern":"type-1","background_image":{"attachment_id":null,"x":0,"y":0},"gradient":"linear-gradient(135deg,rgba(6,147,227,1) 0%,rgb(155,81,224) 100%)","background_repeat":"repeat","background_size":"auto","background_attachment":"scroll","patternColor":{"default":{"color":"#e5e7ea"}},"overlayColor":{"default":{"color":"CT_CSS_SKIP_RULE"}},"backgroundColor":{"default":{"color":"CT_CSS_SKIP_RULE"}}},"content_background":{"background_type":"color","background_pattern":"type-1","background_image":{"attachment_id":null,"x":0,"y":0},"gradient":"linear-gradient(135deg,rgba(6,147,227,1) 0%,rgb(155,81,224) 100%)","background_repeat":"repeat","background_size":"auto","background_attachment":"scroll","patternColor":{"default":{"color":"#e5e7ea"}},"overlayColor":{"default":{"color":"CT_CSS_SKIP_RULE"}},"backgroundColor":{"default":{"color":"var(--theme-palette-color-8)"}}},"content_boxed_shadow":{"inherit":false,"blur":18,"spread":-6,"v_offset":12,"h_offset":0,"inset":false,"enable":true,"color":{"color":"rgba(34, 56, 101, 0.04)"}},"content_boxed_border":{"width":1,"style":"none","color":{"color":"rgba(44,62,80,0.2)"}},"content_boxed_radius":{"top":"3px","bottom":"3px","left":"3px","right":"3px","linked":true},"boxed_content_spacing":{"desktop":{"top":"40px","bottom":"40px","left":"40px","right":"40px","linked":true},"tablet":{"top":"35px","bottom":"35px","left":"35px","right":"35px","linked":true},"mobile":{"top":"20px","bottom":"20px","left":"20px","right":"20px","linked":true}},"89c5690a5759feff4305e208991a1347":"","disable_featured_image":"no","disable_share_box":"no","disable_header":"no","disable_footer":"no","styles_descriptor":{"styles":{"desktop":"","tablet":"","mobile":""},"google_fonts":[],"version":6}},"_links":{"self":[{"href":"https:\/\/m360.com.pl\/index.php\/wp-json\/wp\/v2\/pages\/969","targetHints":{"allow":["GET"]}}],"collection":[{"href":"https:\/\/m360.com.pl\/index.php\/wp-json\/wp\/v2\/pages"}],"about":[{"href":"https:\/\/m360.com.pl\/index.php\/wp-json\/wp\/v2\/types\/page"}],"author":[{"embeddable":true,"href":"https:\/\/m360.com.pl\/index.php\/wp-json\/wp\/v2\/users\/1"}],"replies":[{"embeddable":true,"href":"https:\/\/m360.com.pl\/index.php\/wp-json\/wp\/v2\/comments?post=969"}],"version-history":[{"count":42,"href":"https:\/\/m360.com.pl\/index.php\/wp-json\/wp\/v2\/pages\/969\/revisions"}],"predecessor-version":[{"id":1665,"href":"https:\/\/m360.com.pl\/index.php\/wp-json\/wp\/v2\/pages\/969\/revisions\/1665"}],"wp:attachment":[{"href":"https:\/\/m360.com.pl\/index.php\/wp-json\/wp\/v2\/media?parent=969"}],"curies":[{"name":"wp","href":"https:\/\/api.w.org\/{rel}","templated":true}]}}