{"id":1469,"date":"2025-10-01T21:00:25","date_gmt":"2025-10-01T21:00:25","guid":{"rendered":"https:\/\/m360.com.pl\/?page_id=1469"},"modified":"2025-10-02T22:28:07","modified_gmt":"2025-10-02T22:28:07","slug":"oferta","status":"publish","type":"page","link":"https:\/\/m360.com.pl\/index.php\/oferta\/","title":{"rendered":"Oferta"},"content":{"rendered":"\t\t<div data-elementor-type=\"wp-page\" data-elementor-id=\"1469\" class=\"elementor elementor-1469\">\n\t\t\t\t<div class=\"elementor-element elementor-element-e16ca82 e-flex e-con-boxed e-con e-parent\" data-id=\"e16ca82\" data-element_type=\"container\" data-settings=\"{&quot;background_background&quot;:&quot;classic&quot;}\">\n\t\t\t\t\t<div class=\"e-con-inner\">\n\t\t\t\t<div class=\"elementor-element elementor-element-53772ff elementor-widget elementor-widget-text-editor\" data-id=\"53772ff\" data-element_type=\"widget\" data-widget_type=\"text-editor.default\">\n\t\t\t\t\t\t\t\t\t<p>Agencja Public relations <strong>M360<\/strong><\/p>\t\t\t\t<style id=\"core-53772ff-core-block-supports-inline-css\"><\/style>\t\t\t\t<\/div>\n\t\t\t\t<div class=\"elementor-element elementor-element-2f82e73 elementor-widget elementor-widget-heading\" data-id=\"2f82e73\" data-element_type=\"widget\" data-widget_type=\"heading.default\">\n\t\t\t\t\t<h2 class=\"elementor-heading-title elementor-size-default\">Oferta<\/h2><style id=\"core-2f82e73-core-block-supports-inline-css\"><\/style>\t\t\t\t<\/div>\n\t\t\t\t<div class=\"elementor-element elementor-element-25ea28b elementor-widget elementor-widget-text-editor\" data-id=\"25ea28b\" data-element_type=\"widget\" data-widget_type=\"text-editor.default\">\n\t\t\t\t\t\t\t\t\t<p data-start=\"1616\" data-end=\"1842\">Nasza oferta to kompleksowe wsparcie komunikacyjne, dopasowane do potrzeb ma\u0142ych i \u015brednich przedsi\u0119biorstw oraz organizacji lokalnych. Dzi\u0119ki elastycznemu podej\u015bciu mo\u017cesz wybra\u0107 pojedyncze us\u0142ugi lub pe\u0142ny pakiet dzia\u0142a\u0144 PR.<\/p><p data-start=\"2307\" data-end=\"2395\">\u00a0<\/p>\t\t\t\t<style id=\"core-25ea28b-core-block-supports-inline-css\"><\/style>\t\t\t\t<\/div>\n\t\t<div class=\"elementor-element elementor-element-a5ae455 e-flex e-con-boxed e-con e-child\" data-id=\"a5ae455\" data-element_type=\"container\">\n\t\t\t\t\t<div class=\"e-con-inner\">\n\t\t<div class=\"elementor-element elementor-element-09a64d1 e-con-full e-flex e-con e-child\" data-id=\"09a64d1\" data-element_type=\"container\">\n\t\t<div class=\"elementor-element elementor-element-9694aa7 e-con-full e-flex e-con e-child\" data-id=\"9694aa7\" data-element_type=\"container\" data-settings=\"{&quot;background_background&quot;:&quot;classic&quot;}\">\n\t\t\t\t<div class=\"elementor-element elementor-element-11e6c7e elementor-widget elementor-widget-heading\" data-id=\"11e6c7e\" data-element_type=\"widget\" data-widget_type=\"heading.default\">\n\t\t\t\t\t<h5 class=\"elementor-heading-title elementor-size-default\">Komunikacja Korporacyjna, Public Affairs i relacje z instytucjami\n<\/h5><style id=\"core-11e6c7e-core-block-supports-inline-css\"><\/style>\t\t\t\t<\/div>\n\t\t\t\t<div class=\"elementor-element elementor-element-71f41fd elementor-widget elementor-widget-text-editor\" data-id=\"71f41fd\" data-element_type=\"widget\" data-widget_type=\"text-editor.default\">\n\t\t\t\t\t\t\t\t\t<p data-start=\"515\" data-end=\"582\">Corporate Communication &amp; Public Affairs &amp; Government Relations<\/p>\t\t\t\t<style id=\"core-71f41fd-core-block-supports-inline-css\"><\/style>\t\t\t\t<\/div>\n\t\t\t\t<div class=\"elementor-element elementor-element-84d720b elementor-widget elementor-widget-text-editor\" data-id=\"84d720b\" data-element_type=\"widget\" data-widget_type=\"text-editor.default\">\n\t\t\t\t\t\t\t\t\t<p>Budujemy sp\u00f3jny wizerunek Twojej firmy i pomagamy wyr\u00f3\u017cni\u0107 si\u0119 na tle konkurencji. Opracowujemy strategie, kt\u00f3re zwi\u0119kszaj\u0105 zaufanie inwestor\u00f3w, partner\u00f3w i klient\u00f3w. Dzi\u0119ki nam Twoja marka zyskuje reputacj\u0119 solidnego i odpowiedzialnego lidera.<\/p><p>\ud83d\udc49 <em>Chcesz, aby Twoja firma by\u0142a postrzegana jako wiarygodna i nowoczesna? Zacznijmy od profesjonalnej komunikacji korporacyjnej.<\/em><\/p>\t\t\t\t<style id=\"core-84d720b-core-block-supports-inline-css\"><\/style>\t\t\t\t<\/div>\n\t\t\t\t<\/div>\n\t\t<div class=\"elementor-element elementor-element-c68fc94 e-flex e-con-boxed e-con e-child\" data-id=\"c68fc94\" data-element_type=\"container\">\n\t\t\t\t\t<div class=\"e-con-inner\">\n\t\t<div class=\"elementor-element elementor-element-394575d e-con-full e-flex e-con e-child\" data-id=\"394575d\" data-element_type=\"container\" data-settings=\"{&quot;background_background&quot;:&quot;classic&quot;}\">\n\t\t\t\t<div class=\"elementor-element elementor-element-66c8719 elementor-widget elementor-widget-heading\" data-id=\"66c8719\" data-element_type=\"widget\" data-widget_type=\"heading.default\">\n\t\t\t\t\t<h5 class=\"elementor-heading-title elementor-size-default\">Komunikacja kryzysowa i zarz\u0105dzanie reputacj\u0105<\/h5><style id=\"core-66c8719-core-block-supports-inline-css\"><\/style>\t\t\t\t<\/div>\n\t\t\t\t<div class=\"elementor-element elementor-element-7bae195 elementor-widget elementor-widget-text-editor\" data-id=\"7bae195\" data-element_type=\"widget\" data-widget_type=\"text-editor.default\">\n\t\t\t\t\t\t\t\t\t<p>Marketing<\/p>\t\t\t\t<style id=\"core-7bae195-core-block-supports-inline-css\"><\/style>\t\t\t\t<\/div>\n\t\t\t\t<div class=\"elementor-element elementor-element-d40e9ca elementor-widget elementor-widget-text-editor\" data-id=\"d40e9ca\" data-element_type=\"widget\" data-widget_type=\"text-editor.default\">\n\t\t\t\t\t\t\t\t\t<p>W trudnych chwilach liczy si\u0119 szybko\u015b\u0107 reakcji i trafno\u015b\u0107 komunikatu. Tworzymy plany antykryzysowe i wspieramy firmy, gdy reputacja jest zagro\u017cona. Naszym celem jest nie tylko ochrona marki, ale te\u017c odbudowa zaufania i wyj\u015bcie z kryzysu silniejszym.<\/p><p>\ud83d\udc49 <em>Nie ryzykuj reputacj\u0105 \u2013 przygotuj si\u0119 na ka\u017cd\u0105 sytuacj\u0119 z naszym wsparciem.<\/em><\/p>\t\t\t\t<style id=\"core-d40e9ca-core-block-supports-inline-css\"><\/style>\t\t\t\t<\/div>\n\t\t\t\t<\/div>\n\t\t<div class=\"elementor-element elementor-element-a14de8a e-con-full e-flex e-con e-child\" data-id=\"a14de8a\" data-element_type=\"container\" data-settings=\"{&quot;background_background&quot;:&quot;classic&quot;}\">\n\t\t\t\t<div class=\"elementor-element elementor-element-326c03e elementor-widget elementor-widget-text-editor\" data-id=\"326c03e\" data-element_type=\"widget\" data-widget_type=\"text-editor.default\">\n\t\t\t\t\t\t\t\t\t<h2 data-start=\"3008\" data-end=\"3044\">\u00a0<\/h2><p data-start=\"3045\" data-end=\"3071\">\u00a0<\/p>\t\t\t\t<style id=\"core-326c03e-core-block-supports-inline-css\"><\/style>\t\t\t\t<\/div>\n\t\t\t\t<div class=\"elementor-element elementor-element-02314d2 elementor-widget elementor-widget-heading\" data-id=\"02314d2\" data-element_type=\"widget\" data-widget_type=\"heading.default\">\n\t\t\t\t\t<h5 class=\"elementor-heading-title elementor-size-default\">Digital i media spo\u0142eczno\u015bciowe<\/h5><style id=\"core-02314d2-core-block-supports-inline-css\"><\/style>\t\t\t\t<\/div>\n\t\t\t\t<div class=\"elementor-element elementor-element-919282d elementor-widget elementor-widget-text-editor\" data-id=\"919282d\" data-element_type=\"widget\" data-widget_type=\"text-editor.default\">\n\t\t\t\t\t\t\t\t\t<p data-start=\"3045\" data-end=\"3071\">Digital &amp; Social Media\u00a0<\/p>\t\t\t\t<style id=\"core-919282d-core-block-supports-inline-css\"><\/style>\t\t\t\t<\/div>\n\t\t\t\t<div class=\"elementor-element elementor-element-d9f0fe8 elementor-widget elementor-widget-text-editor\" data-id=\"d9f0fe8\" data-element_type=\"widget\" data-widget_type=\"text-editor.default\">\n\t\t\t\t\t\t\t\t\t<p>Budujemy aktywne spo\u0142eczno\u015bci wok\u00f3\u0142 marek. Prowadzimy kana\u0142y social media, tworzymy atrakcyjne tre\u015bci i dbamy o to, by Twoja firma by\u0142a obecna tam, gdzie s\u0105 Twoi klienci.<\/p><p><strong data-start=\"3075\" data-end=\"3111\">Strategia digital i content plan<\/strong> \u2013 harmonogram post\u00f3w, tematy przewodnie i typy tre\u015bci dopasowane do odbiorc\u00f3w.<\/p><p><strong data-start=\"3195\" data-end=\"3225\">Tworzenie tre\u015bci i kreacji<\/strong> \u2013 anga\u017cuj\u0105ce posty, artyku\u0142y, grafiki, materia\u0142y video i newslettery.<\/p><p><strong data-start=\"3300\" data-end=\"3346\">Prowadzenie kana\u0142\u00f3w i community management<\/strong> \u2013 bie\u017c\u0105ca obs\u0142uga profili, moderacja komentarzy i budowanie relacji z odbiorcami.<\/p><p>\ud83d\udc49 <em>Postaw na komunikacj\u0119, kt\u00f3ra anga\u017cuje i przek\u0142ada si\u0119 na wyniki biznesowe.<\/em><\/p>\t\t\t\t<style id=\"core-d9f0fe8-core-block-supports-inline-css\"><\/style>\t\t\t\t<\/div>\n\t\t\t\t<\/div>\n\t\t\t\t\t<\/div>\n\t\t\t\t<\/div>\n\t\t\t\t<\/div>\n\t\t<div class=\"elementor-element elementor-element-0f49507 e-con-full e-flex e-con e-child\" data-id=\"0f49507\" data-element_type=\"container\">\n\t\t<div class=\"elementor-element elementor-element-318aa07 e-con-full e-flex e-con e-child\" data-id=\"318aa07\" data-element_type=\"container\" data-settings=\"{&quot;background_background&quot;:&quot;classic&quot;}\">\n\t\t\t\t<div class=\"elementor-element elementor-element-225f80a elementor-widget elementor-widget-heading\" data-id=\"225f80a\" data-element_type=\"widget\" data-widget_type=\"heading.default\">\n\t\t\t\t\t<h5 class=\"elementor-heading-title elementor-size-default\">Komunikacja marki i relacje z mediami<\/h5><style id=\"core-225f80a-core-block-supports-inline-css\"><\/style>\t\t\t\t<\/div>\n\t\t\t\t<div class=\"elementor-element elementor-element-469a5cf elementor-widget elementor-widget-text-editor\" data-id=\"469a5cf\" data-element_type=\"widget\" data-widget_type=\"text-editor.default\">\n\t\t\t\t\t\t\t\t\t<p data-start=\"2265\" data-end=\"2296\">Brand Communication PR &amp; Media\u00a0<\/p>\t\t\t\t<style id=\"core-469a5cf-core-block-supports-inline-css\"><\/style>\t\t\t\t<\/div>\n\t\t\t\t<div class=\"elementor-element elementor-element-42c0337 elementor-widget elementor-widget-text-editor\" data-id=\"42c0337\" data-element_type=\"widget\" data-widget_type=\"text-editor.default\">\n\t\t\t\t\t\t\t\t\t<p data-start=\"2265\" data-end=\"2296\">Budowanie i rozw\u00f3j narracji marki \u2013 kreujemy sp\u00f3jn\u0105 opowie\u015b\u0107 o firmie (misja, warto\u015bci, przewaga konkurencyjna).<\/p><p>Sprawiamy, \u017ce marki staj\u0105 si\u0119 widoczne, doceniane i rozpoznawalne. Tworzymy anga\u017cuj\u0105ce historie i dbamy o obecno\u015b\u0107 w mediach, kt\u00f3re realnie wp\u0142ywaj\u0105 na opinie odbiorc\u00f3w.<\/p><p>\ud83d\udc49 <em>Twoja marka zas\u0142uguje na uwag\u0119 \u2013 my wiemy, jak j\u0105 zdoby\u0107.<\/em><\/p>\t\t\t\t<style id=\"core-42c0337-core-block-supports-inline-css\"><\/style>\t\t\t\t<\/div>\n\t\t\t\t<\/div>\n\t\t<div class=\"elementor-element elementor-element-6f9be61 e-con-full e-flex e-con e-child\" data-id=\"6f9be61\" data-element_type=\"container\" data-settings=\"{&quot;background_background&quot;:&quot;classic&quot;}\">\n\t\t\t\t<div class=\"elementor-element elementor-element-adb1777 elementor-widget elementor-widget-heading\" data-id=\"adb1777\" data-element_type=\"widget\" data-widget_type=\"heading.default\">\n\t\t\t\t\t<h5 class=\"elementor-heading-title elementor-size-default\">Employer Branding<\/h5><style id=\"core-adb1777-core-block-supports-inline-css\"><\/style>\t\t\t\t<\/div>\n\t\t\t\t<div class=\"elementor-element elementor-element-7cab626 elementor-widget elementor-widget-text-editor\" data-id=\"7cab626\" data-element_type=\"widget\" data-widget_type=\"text-editor.default\">\n\t\t\t\t\t\t\t\t\t<p>Employer Branding<\/p>\t\t\t\t<style id=\"core-7cab626-core-block-supports-inline-css\"><\/style>\t\t\t\t<\/div>\n\t\t\t\t<div class=\"elementor-element elementor-element-158e197 elementor-widget elementor-widget-text-editor\" data-id=\"158e197\" data-element_type=\"widget\" data-widget_type=\"text-editor.default\">\n\t\t\t\t\t\t\t\t\t<p>Pomagamy budowa\u0107 wizerunek atrakcyjnego i odpowiedzialnego pracodawcy. Dzi\u0119ki naszym dzia\u0142aniom przyci\u0105gniesz najlepsze talenty i zwi\u0119kszysz satysfakcj\u0119 obecnych pracownik\u00f3w.<\/p><p>\ud83d\udc49 <em>Chcesz, aby Twoja firma by\u0142a miejscem, w kt\u00f3rym ludzie chc\u0105 pracowa\u0107? Poka\u017cmy to \u015bwiatu.<\/em><\/p>\t\t\t\t<style id=\"core-158e197-core-block-supports-inline-css\"><\/style>\t\t\t\t<\/div>\n\t\t\t\t<\/div>\n\t\t<div class=\"elementor-element elementor-element-1f70259 e-con-full e-flex e-con e-child\" data-id=\"1f70259\" data-element_type=\"container\" data-settings=\"{&quot;background_background&quot;:&quot;classic&quot;}\">\n\t\t\t\t<div class=\"elementor-element elementor-element-203e4a2 elementor-widget elementor-widget-heading\" data-id=\"203e4a2\" data-element_type=\"widget\" data-widget_type=\"heading.default\">\n\t\t\t\t\t<h5 class=\"elementor-heading-title elementor-size-default\">Public Affairs &amp; Government Relations<\/h5><style id=\"core-203e4a2-core-block-supports-inline-css\"><\/style>\t\t\t\t<\/div>\n\t\t\t\t<div class=\"elementor-element elementor-element-e270d4e elementor-widget elementor-widget-text-editor\" data-id=\"e270d4e\" data-element_type=\"widget\" data-widget_type=\"text-editor.default\">\n\t\t\t\t\t\t\t\t\t<p>Pomagamy nawi\u0105za\u0107 i utrzymywa\u0107 dialog z administracj\u0105 oraz kluczowymi interesariuszami. Dzi\u0119ki naszym dzia\u0142aniom zyskasz stabilniejsze otoczenie regulacyjne i mo\u017cliwo\u015b\u0107 realnego wp\u0142ywu na decyzje wa\u017cne dla Twojego biznesu.<\/p><p>\ud83d\udc49 <em>Wzmocnij swoj\u0105 pozycj\u0119 w relacjach z instytucjami i zyskaj partnera, kt\u00f3ry rozumie j\u0119zyk decydent\u00f3w.<\/em><\/p>\t\t\t\t<style id=\"core-e270d4e-core-block-supports-inline-css\"><\/style>\t\t\t\t<\/div>\n\t\t\t\t<\/div>\n\t\t\t\t<\/div>\n\t\t\t\t\t<\/div>\n\t\t\t\t<\/div>\n\t\t\t\t\t<\/div>\n\t\t\t\t<\/div>\n\t\t\t\t<\/div>\n\t\t","protected":false},"excerpt":{"rendered":"<p>Agencja Public relations M360 Oferta Nasza oferta to kompleksowe wsparcie komunikacyjne, dopasowane do potrzeb ma\u0142ych i \u015brednich przedsi\u0119biorstw oraz organizacji lokalnych. Dzi\u0119ki elastycznemu podej\u015bciu mo\u017cesz wybra\u0107 pojedyncze us\u0142ugi lub pe\u0142ny pakiet dzia\u0142a\u0144 PR. \u00a0 Komunikacja Korporacyjna, Public Affairs i relacje z instytucjami Corporate Communication &amp; Public Affairs &amp; Government Relations Budujemy sp\u00f3jny wizerunek Twojej firmy [&hellip;]<\/p>\n","protected":false},"author":1,"featured_media":0,"parent":0,"menu_order":0,"comment_status":"closed","ping_status":"closed","template":"","meta":{"footnotes":""},"class_list":["post-1469","page","type-page","status-publish","hentry"],"blocksy_meta":[],"_links":{"self":[{"href":"https:\/\/m360.com.pl\/index.php\/wp-json\/wp\/v2\/pages\/1469","targetHints":{"allow":["GET"]}}],"collection":[{"href":"https:\/\/m360.com.pl\/index.php\/wp-json\/wp\/v2\/pages"}],"about":[{"href":"https:\/\/m360.com.pl\/index.php\/wp-json\/wp\/v2\/types\/page"}],"author":[{"embeddable":true,"href":"https:\/\/m360.com.pl\/index.php\/wp-json\/wp\/v2\/users\/1"}],"replies":[{"embeddable":true,"href":"https:\/\/m360.com.pl\/index.php\/wp-json\/wp\/v2\/comments?post=1469"}],"version-history":[{"count":35,"href":"https:\/\/m360.com.pl\/index.php\/wp-json\/wp\/v2\/pages\/1469\/revisions"}],"predecessor-version":[{"id":1644,"href":"https:\/\/m360.com.pl\/index.php\/wp-json\/wp\/v2\/pages\/1469\/revisions\/1644"}],"wp:attachment":[{"href":"https:\/\/m360.com.pl\/index.php\/wp-json\/wp\/v2\/media?parent=1469"}],"curies":[{"name":"wp","href":"https:\/\/api.w.org\/{rel}","templated":true}]}}